{"id":1211,"date":"2020-09-21T20:56:32","date_gmt":"2020-09-22T00:56:32","guid":{"rendered":"https:\/\/anrfmontreal.webloft.dev\/programmes-d-avantages-section-montreal\/"},"modified":"2026-01-24T14:03:11","modified_gmt":"2026-01-24T19:03:11","slug":"affinity-programs-montreal-section","status":"publish","type":"page","link":"https:\/\/www.anrfmontreal.ca\/en\/affinity-programs-montreal-section\/","title":{"rendered":"Affinity Programs &#8211; Montreal Section"},"content":{"rendered":"\t\t<div data-elementor-type=\"wp-page\" data-elementor-id=\"1211\" class=\"elementor elementor-1211 elementor-831\" data-elementor-post-type=\"page\">\n\t\t\t\t\t\t<section class=\"elementor-section elementor-top-section elementor-element elementor-element-64dcc75c elementor-section-boxed elementor-section-height-default elementor-section-height-default\" data-id=\"64dcc75c\" data-element_type=\"section\" data-e-type=\"section\">\n\t\t\t\t\t\t<div class=\"elementor-container elementor-column-gap-default\">\n\t\t\t\t\t<div class=\"elementor-column elementor-col-100 elementor-top-column elementor-element elementor-element-76f6d45\" data-id=\"76f6d45\" data-element_type=\"column\" data-e-type=\"column\" data-settings=\"{&quot;background_background&quot;:&quot;classic&quot;}\">\n\t\t\t<div class=\"elementor-widget-wrap elementor-element-populated\">\n\t\t\t\t\t\t<div class=\"elementor-element elementor-element-310caca elementor-widget elementor-widget-heading\" data-id=\"310caca\" data-element_type=\"widget\" data-e-type=\"widget\" data-widget_type=\"heading.default\">\n\t\t\t\t<div class=\"elementor-widget-container\">\n\t\t\t\t\t<h2 class=\"elementor-heading-title elementor-size-default\">Affinity Programs - Montreal Section<\/h2>\t\t\t\t<\/div>\n\t\t\t\t<\/div>\n\t\t\t\t<section class=\"elementor-section elementor-inner-section elementor-element elementor-element-f519dba elementor-section-boxed elementor-section-height-default elementor-section-height-default\" data-id=\"f519dba\" data-element_type=\"section\" data-e-type=\"section\">\n\t\t\t\t\t\t<div class=\"elementor-container elementor-column-gap-default\">\n\t\t\t\t\t<div class=\"elementor-column elementor-col-100 elementor-inner-column elementor-element elementor-element-976e512\" data-id=\"976e512\" data-element_type=\"column\" data-e-type=\"column\">\n\t\t\t<div class=\"elementor-widget-wrap elementor-element-populated\">\n\t\t\t\t\t\t<div class=\"elementor-element elementor-element-f5bf932 elementor-widget elementor-widget-text-editor\" data-id=\"f5bf932\" data-element_type=\"widget\" data-e-type=\"widget\" data-widget_type=\"text-editor.default\">\n\t\t\t\t<div class=\"elementor-widget-container\">\n\t\t\t\t\t\t\t\t\t<h4><img decoding=\"async\" class=\"wp-image-10253 alignleft\" src=\"https:\/\/www.anrfmontreal.ca\/wp-content\/uploads\/2025\/06\/Logo_Aidexpress_2025-300x300.jpg\" alt=\"\" width=\"189\" height=\"189\" srcset=\"https:\/\/www.anrfmontreal.ca\/wp-content\/uploads\/2025\/06\/Logo_Aidexpress_2025-300x300.jpg 300w, https:\/\/www.anrfmontreal.ca\/wp-content\/uploads\/2025\/06\/Logo_Aidexpress_2025-150x150.jpg 150w, https:\/\/www.anrfmontreal.ca\/wp-content\/uploads\/2025\/06\/Logo_Aidexpress_2025-768x768.jpg 768w, https:\/\/www.anrfmontreal.ca\/wp-content\/uploads\/2025\/06\/Logo_Aidexpress_2025-600x600.jpg 600w, https:\/\/www.anrfmontreal.ca\/wp-content\/uploads\/2025\/06\/Logo_Aidexpress_2025-100x100.jpg 100w, https:\/\/www.anrfmontreal.ca\/wp-content\/uploads\/2025\/06\/Logo_Aidexpress_2025.jpg 800w\" sizes=\"(max-width: 189px) 100vw, 189px\" \/><\/h4><h3 data-start=\"116\" data-end=\"577\"><strong><span style=\"color: #800000;\">BENEFIT FROM A 10% DISCOUNT ON ALL AIDEXPRESS HOMECARE SERVICES:<\/span><\/strong><\/h3><p data-start=\"116\" data-end=\"577\">\u2022\u202f<strong>Daily assistance: help with dressing, bathing, meals, medication reminders, accompaniment to appointments.<\/strong><br data-start=\"228\" data-end=\"231\" \/><strong>\u2022\u202fHousekeeping: regular cleaning or deep cleaning, outdoor help, minor repairs.<\/strong><br data-start=\"314\" data-end=\"317\" \/><strong>\u2022\u202fHome care: hygiene, medication administration, mobility support.<\/strong><br data-start=\"387\" data-end=\"390\" \/><strong>\u2022\u202fWellness services: hairdressing, massage therapy, foot care, alternative treatments.<\/strong><br data-start=\"480\" data-end=\"483\" \/><strong>\u2022\u202fHealth professionals: nurses, nutritionists, physiotherapists, social workers, and more.<\/strong><\/p><p data-start=\"579\" data-end=\"681\"><strong>\ud83d\udc49 To take advantage of your discount, simply mention your membership number when making your request.<\/strong><\/p><p data-start=\"683\" data-end=\"788\"><strong>You can contact Aidexpress at 1\u202f855\u202f397-7733 or book a free consultation<\/strong><br data-start=\"759\" data-end=\"762\" \/><strong>by <a href=\"https:\/\/aidexpress.ca\/en-ca\/homecare-booking\">clicking here<\/a>.<\/strong><\/p><p data-start=\"790\" data-end=\"872\"><strong>\ud83d\udd14 Don\u2019t forget to provide your membership number to receive the 10% discount.<\/strong><\/p><hr \/><p><img decoding=\"async\" class=\"alignleft\" src=\"https:\/\/www.anrfmontreal.ca\/wp-content\/uploads\/2023\/03\/Tours-chanteclerc-300x174.png\" width=\"191\" height=\"111\" \/><\/p><h3><strong><span style=\"color: #800000;\">TOURS CHANTECLERC<\/span><\/strong><\/h3><p><strong>Federal Retirees is proud to annouce Collette&#8217;s partnership with Tours Chanteclerc, offering guided tours in French to members.\u00a0 For more information,\u00a0<a href=\"http:\/\/www.tourschanteclerc.com\/\">CLICK HERE<\/a><\/strong><\/p><hr \/><p><img decoding=\"async\" class=\"alignleft\" src=\"https:\/\/www.anrfmontreal.ca\/wp-content\/uploads\/2023\/01\/logo_riaq1.jpg\" \/><\/p><h3><span style=\"color: #993300;\"><strong><span style=\"color: #800000;\">R\u00c9SEAU D&#8217;INFORMATION DES A\u00ceN\u00c9S DU QU\u00c9BEC (IN FRENCH)<\/span><a href=\"https:\/\/riaq.ca\/\"><span style=\"color: #3366ff;\">https:\/\/riaq.ca\/<\/span><\/a><\/strong><\/span><\/h3><p><strong>Federal Retirees, Montr\u00e9al Branch and Le R\u00e9seau d\u2019Information des A\u00een\u00e9es et Ain\u00e9s du Qu\u00e9bec (RIAQ) are joining forces to offer seniors even more opportunities to learn, have fun, and stay connected!<\/strong><\/p><p><strong>\u00a0<\/strong><\/p><p><strong><span style=\"color: #000000;\">Enjoy a $10 discount on RIAQ\u2019s annual membership regularly $40, now only $30. (2025\u20132026 season).\u00a0 As a RIAQ member, among other things, you&#8217;ll have access to:\u00a0<\/span><\/strong><\/p><p><strong>Dynamic virtual workshops (in French only) on current topics such as:<\/strong><br \/><strong>&#8211; Windows 11<\/strong><br \/><strong>&#8211; Tablets and smartphones (Android and iOS)<\/strong><br \/><strong>&#8211; Online security<\/strong><br \/><strong>&#8211; Password<\/strong> <strong>management and much more<\/strong><\/p><p><strong>Exclusive offer for NAFR members, until season end!<\/strong><\/p><p><strong>To claim your discount, email:<\/strong> <a href=\"mailto:leriaq@gmail.com\">leriaq@gmail.com<\/a><br \/><strong>Include your name, phone number, and NAFR membership number.<\/strong><\/p><p><span style=\"color: #800000;\"><strong>&#8212;&#8212;&#8212;&#8212;&#8212;&#8212;&#8212;&#8212;&#8212;&#8212;&#8212;&#8212;&#8212;&#8212;&#8212;&#8212;&#8212;&#8212;&#8212;&#8212;&#8212;&#8212;&#8212;&#8212;&#8212;&#8212;&#8212;&#8212;&#8212;&#8212;&#8212;&#8212;&#8212;&#8212;&#8212;&#8212;&#8212;&#8212;&#8212;&#8212;&#8212;-<\/strong><\/span><\/p><p><span style=\"color: #800000;\"><strong>\u00a0<\/strong><\/span><\/p><h3><span style=\"color: #800000;\"><strong><img decoding=\"async\" class=\"alignleft\" src=\"https:\/\/cdn.prod.website-files.com\/640665b6eebb136905ad87b0\/640a68d66ecc850e7093422d_QEHC%20Logo%20couleur.svg\" alt=\"QEHC Logo\" width=\"136\" height=\"44\" \/><span style=\"color: #800000;\">KATHLEEN QUINLAN, MASSOTHERAPIST<\/span><\/strong><\/span><\/h3><p><strong><span style=\"color: #000000;\">Massotherapist in practice for over 25 years<\/span><\/strong><\/p><p><strong>Advanced therapeutic techniques &#8211; Pain relief &#8211; Relaxation &#8211; Insurance receipts available.\u00a0 Special member rate of 8O$ for a 60 minutes massage and 120$ for a 90 minutes massage (Note: Subject to change).<\/strong><\/p><p><strong>For an appointment call: (514) 605-8030.\u00a0 \u00a0 \u00a0 \u00a0 \u00a0Email:\u00a0\u00a0<\/strong><strong style=\"font-family: inherit; text-align: center; color: #800000;\">callycatq@gmail.com<\/strong><\/p><h4 style=\"text-align: center;\"><span style=\"color: #800000;\"><strong>Queen Elizabeth Health Complex<\/strong><\/span><\/h4><h4 style=\"text-align: center;\"><span style=\"color: #800000;\"><strong>2100 Marlowe Ave., suite 420,\u00a0<\/strong><\/span><\/h4><h4 style=\"text-align: center;\"><span style=\"color: #800000;\"><strong>Montreal, Quebec H4A 3L5 (Vend\u00f4me metro station)<\/strong><\/span><\/h4><p><span style=\"color: #000000;\"><strong>Massage therapist and member of ACAM (Association Can-Am\u00e9ricaine des Massoth\u00e9rapeutes) in good standing.\u00a0 For more information visit her <a href=\"https:\/\/www.qehc.org\/provider\/kathleen-quinlan\">website\u00a0<\/a><\/strong><\/span><\/p><p><strong><span style=\"color: #800000;\">&#8212;&#8212;&#8212;&#8212;&#8212;&#8212;&#8212;&#8212;&#8212;&#8212;&#8212;&#8212;&#8212;&#8212;&#8212;&#8212;&#8212;&#8212;&#8212;&#8212;&#8212;&#8212;&#8212;&#8212;&#8212;&#8212;&#8212;&#8212;&#8212;&#8212;&#8212;&#8212;&#8212;&#8212;&#8212;&#8212;&#8212;&#8212;&#8212;&#8212;&#8212;-<\/span><\/strong><\/p><p><strong><span style=\"color: #800000;\">\u00a0<\/span><\/strong><\/p><p><a href=\"https:\/\/www.legroupeforget.com\/\"><img loading=\"lazy\" decoding=\"async\" class=\"size-full wp-image-836 alignleft\" src=\"https:\/\/www.anrfmontreal.ca\/wp-content\/uploads\/2020\/09\/LOGO-GF-2.png\" alt=\"\" width=\"134\" height=\"60\" \/><\/a><\/p><p><strong><span style=\"color: #000000;\">In Quebec only,<\/span> <span style=\"color: #800000;\">Groupe Forget<\/span> has partnered with the National Association of Federal Retirees to offer hearing health services to association members.\u00a0 The services offered differ slightly in Quebec due to provincial legislation.\u00a0 Please contact 1-888-368-3637 to make an appointment or <span style=\"color: #0000ff;\"><a style=\"color: #0000ff;\" href=\"https:\/\/www.legroupeforget.com\/en\">click here<\/a><\/span>\u00a0 to visit the Groupe Forget website.<\/strong><\/p><p><strong>Learn more about the MAESTRO program offered to members of the Montreal section of the Federal Retirees Association:<\/strong><\/p><p><a href=\"https:\/\/www.anrfmontreal.ca\/wp-content\/uploads\/2026\/01\/EN-Programme_Maestro_en.pdf\"><strong><span style=\"color: #0000ff;\">MAESTRO program\u00a0<\/span><\/strong><\/a><\/p>\t\t\t\t\t\t\t\t<\/div>\n\t\t\t\t<\/div>\n\t\t\t\t<div class=\"elementor-element elementor-element-e2d725b elementor-widget elementor-widget-text-editor\" data-id=\"e2d725b\" data-element_type=\"widget\" data-e-type=\"widget\" data-widget_type=\"text-editor.default\">\n\t\t\t\t<div class=\"elementor-widget-container\">\n\t\t\t\t\t\t\t\t\t<p>\u00a0<\/p><p>\u00a0<\/p>\t\t\t\t\t\t\t\t<\/div>\n\t\t\t\t<\/div>\n\t\t\t\t<div class=\"elementor-element elementor-element-f5b6aee elementor-widget-divider--view-line elementor-widget elementor-widget-divider\" data-id=\"f5b6aee\" data-element_type=\"widget\" data-e-type=\"widget\" data-widget_type=\"divider.default\">\n\t\t\t\t<div class=\"elementor-widget-container\">\n\t\t\t\t\t\t\t<div class=\"elementor-divider\">\n\t\t\t<span class=\"elementor-divider-separator\">\n\t\t\t\t\t\t<\/span>\n\t\t<\/div>\n\t\t\t\t\t\t<\/div>\n\t\t\t\t<\/div>\n\t\t\t\t\t<\/div>\n\t\t<\/div>\n\t\t\t\t\t<\/div>\n\t\t<\/section>\n\t\t\t\t<section class=\"elementor-section elementor-inner-section elementor-element elementor-element-94ce453 elementor-section-boxed elementor-section-height-default elementor-section-height-default\" data-id=\"94ce453\" data-element_type=\"section\" data-e-type=\"section\">\n\t\t\t\t\t\t<div class=\"elementor-container elementor-column-gap-default\">\n\t\t\t\t\t<div class=\"elementor-column elementor-col-100 elementor-inner-column elementor-element elementor-element-26b1e57\" data-id=\"26b1e57\" data-element_type=\"column\" data-e-type=\"column\">\n\t\t\t<div class=\"elementor-widget-wrap elementor-element-populated\">\n\t\t\t\t\t\t\t<\/div>\n\t\t<\/div>\n\t\t\t\t\t<\/div>\n\t\t<\/section>\n\t\t\t\t<section class=\"elementor-section elementor-inner-section elementor-element elementor-element-df30b6b elementor-section-boxed elementor-section-height-default elementor-section-height-default\" data-id=\"df30b6b\" data-element_type=\"section\" data-e-type=\"section\">\n\t\t\t\t\t\t<div class=\"elementor-container elementor-column-gap-default\">\n\t\t\t\t\t<div class=\"elementor-column elementor-col-100 elementor-inner-column elementor-element elementor-element-617b8e7\" data-id=\"617b8e7\" data-element_type=\"column\" data-e-type=\"column\">\n\t\t\t<div class=\"elementor-widget-wrap elementor-element-populated\">\n\t\t\t\t\t\t<div class=\"elementor-element elementor-element-18c36f3 elementor-widget-divider--view-line elementor-widget elementor-widget-divider\" data-id=\"18c36f3\" data-element_type=\"widget\" data-e-type=\"widget\" data-widget_type=\"divider.default\">\n\t\t\t\t<div class=\"elementor-widget-container\">\n\t\t\t\t\t\t\t<div class=\"elementor-divider\">\n\t\t\t<span class=\"elementor-divider-separator\">\n\t\t\t\t\t\t<\/span>\n\t\t<\/div>\n\t\t\t\t\t\t<\/div>\n\t\t\t\t<\/div>\n\t\t\t\t<div class=\"elementor-element elementor-element-c0d8202 elementor-widget-divider--view-line elementor-widget elementor-widget-divider\" data-id=\"c0d8202\" data-element_type=\"widget\" data-e-type=\"widget\" data-widget_type=\"divider.default\">\n\t\t\t\t<div class=\"elementor-widget-container\">\n\t\t\t\t\t\t\t<div class=\"elementor-divider\">\n\t\t\t<span class=\"elementor-divider-separator\">\n\t\t\t\t\t\t<\/span>\n\t\t<\/div>\n\t\t\t\t\t\t<\/div>\n\t\t\t\t<\/div>\n\t\t\t\t\t<\/div>\n\t\t<\/div>\n\t\t\t\t\t<\/div>\n\t\t<\/section>\n\t\t\t\t<section class=\"elementor-section elementor-inner-section elementor-element elementor-element-030a262 elementor-section-boxed elementor-section-height-default elementor-section-height-default\" data-id=\"030a262\" data-element_type=\"section\" data-e-type=\"section\">\n\t\t\t\t\t\t<div class=\"elementor-container elementor-column-gap-default\">\n\t\t\t\t\t<div class=\"elementor-column elementor-col-100 elementor-inner-column elementor-element elementor-element-31a0f82\" data-id=\"31a0f82\" data-element_type=\"column\" data-e-type=\"column\">\n\t\t\t<div class=\"elementor-widget-wrap elementor-element-populated\">\n\t\t\t\t\t\t<div class=\"elementor-element elementor-element-f2f284c elementor-widget-divider--view-line elementor-widget elementor-widget-divider\" data-id=\"f2f284c\" data-element_type=\"widget\" data-e-type=\"widget\" data-widget_type=\"divider.default\">\n\t\t\t\t<div class=\"elementor-widget-container\">\n\t\t\t\t\t\t\t<div class=\"elementor-divider\">\n\t\t\t<span class=\"elementor-divider-separator\">\n\t\t\t\t\t\t<\/span>\n\t\t<\/div>\n\t\t\t\t\t\t<\/div>\n\t\t\t\t<\/div>\n\t\t\t\t\t<\/div>\n\t\t<\/div>\n\t\t\t\t\t<\/div>\n\t\t<\/section>\n\t\t\t\t\t<\/div>\n\t\t<\/div>\n\t\t\t\t\t<\/div>\n\t\t<\/section>\n\t\t\t\t<\/div>\n\t\t","protected":false},"excerpt":{"rendered":"<p>Affinity Programs &#8211; Montreal Section BENEFIT FROM A 10% DISCOUNT ON ALL AIDEXPRESS HOMECARE SERVICES: \u2022\u202fDaily assistance: help with dressing, bathing, meals, medication reminders, accompaniment to appointments.\u2022\u202fHousekeeping: regular cleaning or [&hellip;]<\/p>\n","protected":false},"author":1,"featured_media":0,"parent":0,"menu_order":-700,"comment_status":"closed","ping_status":"closed","template":"","meta":{"footnotes":""},"class_list":["post-1211","page","type-page","status-publish","hentry"],"_links":{"self":[{"href":"https:\/\/www.anrfmontreal.ca\/en\/wp-json\/wp\/v2\/pages\/1211"}],"collection":[{"href":"https:\/\/www.anrfmontreal.ca\/en\/wp-json\/wp\/v2\/pages"}],"about":[{"href":"https:\/\/www.anrfmontreal.ca\/en\/wp-json\/wp\/v2\/types\/page"}],"author":[{"embeddable":true,"href":"https:\/\/www.anrfmontreal.ca\/en\/wp-json\/wp\/v2\/users\/1"}],"replies":[{"embeddable":true,"href":"https:\/\/www.anrfmontreal.ca\/en\/wp-json\/wp\/v2\/comments?post=1211"}],"version-history":[{"count":96,"href":"https:\/\/www.anrfmontreal.ca\/en\/wp-json\/wp\/v2\/pages\/1211\/revisions"}],"predecessor-version":[{"id":11838,"href":"https:\/\/www.anrfmontreal.ca\/en\/wp-json\/wp\/v2\/pages\/1211\/revisions\/11838"}],"wp:attachment":[{"href":"https:\/\/www.anrfmontreal.ca\/en\/wp-json\/wp\/v2\/media?parent=1211"}],"curies":[{"name":"wp","href":"https:\/\/api.w.org\/{rel}","templated":true}]}}