{"id":9316,"date":"2025-03-21T13:40:35","date_gmt":"2025-03-21T17:40:35","guid":{"rendered":"https:\/\/www.anrfmontreal.ca\/homedev\/"},"modified":"2025-03-21T13:42:33","modified_gmt":"2025-03-21T17:42:33","slug":"homedev","status":"publish","type":"page","link":"https:\/\/www.anrfmontreal.ca\/en\/homedev\/","title":{"rendered":"Home Dev"},"content":{"rendered":"\t\t<div data-elementor-type=\"wp-page\" data-elementor-id=\"9316\" class=\"elementor elementor-9316 elementor-8336\" data-elementor-post-type=\"page\">\n\t\t\t\t\t\t<section class=\"elementor-section elementor-top-section elementor-element elementor-element-83a4e5b elementor-section-full_width elementor-section-height-default elementor-section-height-default\" data-id=\"83a4e5b\" data-element_type=\"section\" data-e-type=\"section\" data-settings=\"{&quot;background_background&quot;:&quot;classic&quot;}\">\n\t\t\t\t\t\t<div class=\"elementor-container elementor-column-gap-default\">\n\t\t\t\t\t<div class=\"elementor-column elementor-col-100 elementor-top-column elementor-element elementor-element-52bf3cc\" data-id=\"52bf3cc\" data-element_type=\"column\" data-e-type=\"column\">\n\t\t\t<div class=\"elementor-widget-wrap elementor-element-populated\">\n\t\t\t\t\t\t<div class=\"elementor-element elementor-element-700bbb6 elementor-widget elementor-widget-image\" data-id=\"700bbb6\" data-element_type=\"widget\" data-e-type=\"widget\" data-widget_type=\"image.default\">\n\t\t\t\t<div class=\"elementor-widget-container\">\n\t\t\t\t\t\t\t\t\t\t\t\t\t\t\t<img fetchpriority=\"high\" decoding=\"async\" width=\"1500\" height=\"693\" src=\"https:\/\/www.anrfmontreal.ca\/wp-content\/uploads\/2023\/04\/Accueil-jpg2.jpg\" class=\"attachment-full size-full wp-image-4988\" alt=\"\" srcset=\"https:\/\/www.anrfmontreal.ca\/wp-content\/uploads\/2023\/04\/Accueil-jpg2.jpg 1500w, https:\/\/www.anrfmontreal.ca\/wp-content\/uploads\/2023\/04\/Accueil-jpg2-300x139.jpg 300w, https:\/\/www.anrfmontreal.ca\/wp-content\/uploads\/2023\/04\/Accueil-jpg2-1024x473.jpg 1024w, https:\/\/www.anrfmontreal.ca\/wp-content\/uploads\/2023\/04\/Accueil-jpg2-768x355.jpg 768w, https:\/\/www.anrfmontreal.ca\/wp-content\/uploads\/2023\/04\/Accueil-jpg2-600x277.jpg 600w\" sizes=\"(max-width: 1500px) 100vw, 1500px\" \/>\t\t\t\t\t\t\t\t\t\t\t\t\t\t\t<\/div>\n\t\t\t\t<\/div>\n\t\t\t\t\t<\/div>\n\t\t<\/div>\n\t\t\t\t\t<\/div>\n\t\t<\/section>\n\t\t\t\t<section class=\"elementor-section elementor-top-section elementor-element elementor-element-7801a47 elementor-section-full_width elementor-section-height-default elementor-section-height-default\" data-id=\"7801a47\" data-element_type=\"section\" data-e-type=\"section\">\n\t\t\t\t\t\t<div class=\"elementor-container elementor-column-gap-default\">\n\t\t\t\t\t<div class=\"elementor-column elementor-col-100 elementor-top-column elementor-element elementor-element-a0eee99\" data-id=\"a0eee99\" data-element_type=\"column\" data-e-type=\"column\" data-settings=\"{&quot;background_background&quot;:&quot;classic&quot;}\">\n\t\t\t<div class=\"elementor-widget-wrap elementor-element-populated\">\n\t\t\t\t\t\t<div class=\"elementor-element elementor-element-900bce8 elementor-widget__width-inherit elementor-widget elementor-widget-shortcode\" data-id=\"900bce8\" data-element_type=\"widget\" data-e-type=\"widget\" data-widget_type=\"shortcode.default\">\n\t\t\t\t<div class=\"elementor-widget-container\">\n\t\t\t\t\t\t\t<div class=\"elementor-shortcode\"><div id=\"ect-no-events\"><p>Il n\\'y a aucun \u00e9v\u00e9nement \u00e0 venir pour le moment<\/p><\/div><\/div>\n\t\t\t\t\t\t<\/div>\n\t\t\t\t<\/div>\n\t\t\t\t\t<\/div>\n\t\t<\/div>\n\t\t\t\t\t<\/div>\n\t\t<\/section>\n\t\t\t\t<section class=\"elementor-section elementor-top-section elementor-element elementor-element-b2e819d elementor-section-full_width elementor-section-height-default elementor-section-height-default\" data-id=\"b2e819d\" data-element_type=\"section\" data-e-type=\"section\" data-settings=\"{&quot;background_background&quot;:&quot;classic&quot;}\">\n\t\t\t\t\t\t<div class=\"elementor-container elementor-column-gap-default\">\n\t\t\t\t\t<div class=\"elementor-column elementor-col-100 elementor-top-column elementor-element elementor-element-5c685cd\" data-id=\"5c685cd\" data-element_type=\"column\" data-e-type=\"column\">\n\t\t\t<div class=\"elementor-widget-wrap elementor-element-populated\">\n\t\t\t\t\t\t<div class=\"elementor-element elementor-element-0af9ced elementor-posts--thumbnail-none elementor-grid-3 elementor-grid-tablet-2 elementor-grid-mobile-1 elementor-card-shadow-yes elementor-posts__hover-gradient elementor-widget elementor-widget-posts\" data-id=\"0af9ced\" data-element_type=\"widget\" data-e-type=\"widget\" data-settings=\"{&quot;pagination_type&quot;:&quot;prev_next&quot;,&quot;cards_columns&quot;:&quot;3&quot;,&quot;cards_columns_tablet&quot;:&quot;2&quot;,&quot;cards_columns_mobile&quot;:&quot;1&quot;,&quot;cards_row_gap&quot;:{&quot;unit&quot;:&quot;px&quot;,&quot;size&quot;:35,&quot;sizes&quot;:[]},&quot;cards_row_gap_tablet&quot;:{&quot;unit&quot;:&quot;px&quot;,&quot;size&quot;:&quot;&quot;,&quot;sizes&quot;:[]},&quot;cards_row_gap_mobile&quot;:{&quot;unit&quot;:&quot;px&quot;,&quot;size&quot;:&quot;&quot;,&quot;sizes&quot;:[]}}\" data-widget_type=\"posts.cards\">\n\t\t\t\t<div class=\"elementor-widget-container\">\n\t\t\t\t\t\t\t<div class=\"elementor-posts-container elementor-posts elementor-posts--skin-cards elementor-grid\" role=\"list\">\n\t\t\t\t<article class=\"elementor-post elementor-grid-item post-12212 post type-post status-publish format-standard hentry category-news\" role=\"listitem\">\n\t\t\t<div class=\"elementor-post__card\">\n\t\t\t\t<div class=\"elementor-post__text\">\n\t\t\t\t<h3 class=\"elementor-post__title\">\n\t\t\t<a href=\"https:\/\/www.anrfmontreal.ca\/en\/revenue-quebec-documentation-senior-citizens-and-taxation\/\" >\n\t\t\t\tREVENUE QU\u00c9BEC DOCUMENTATION: SENIOR CITIZENS AND TAXATION\t\t\t<\/a>\n\t\t<\/h3>\n\t\t\t\t<div class=\"elementor-post__excerpt\">\n\t\t\t<p>\ud83d\udce3 Conference of March 31, 2026 \u2013 Senior Citizens and Taxation Many of you attended the conference given by Revenue Quebec. We are pleased to share with you all the<\/p>\n\t\t<\/div>\n\t\t\n\t\t<a class=\"elementor-post__read-more\" href=\"https:\/\/www.anrfmontreal.ca\/en\/revenue-quebec-documentation-senior-citizens-and-taxation\/\" aria-label=\"Read more about REVENUE QU\u00c9BEC DOCUMENTATION: SENIOR CITIZENS AND TAXATION\" tabindex=\"-1\" >\n\t\t\tRead more\t\t<\/a>\n\n\t\t\t\t<\/div>\n\t\t\t\t<div class=\"elementor-post__meta-data\">\n\t\t\t\t\t<span class=\"elementor-post-date\">\n\t\t\t31 March 2026\t\t<\/span>\n\t\t\t\t<span class=\"elementor-post-avatar\">\n\t\t\tNo Comments\t\t<\/span>\n\t\t\t\t<\/div>\n\t\t\t\t\t<\/div>\n\t\t<\/article>\n\t\t\t\t<article class=\"elementor-post elementor-grid-item post-12004 post type-post status-publish format-standard hentry category-news\" role=\"listitem\">\n\t\t\t<div class=\"elementor-post__card\">\n\t\t\t\t<div class=\"elementor-post__text\">\n\t\t\t\t<h3 class=\"elementor-post__title\">\n\t\t\t<a href=\"https:\/\/www.anrfmontreal.ca\/en\/documentation-and-video-hema-quebec-copy\/\" >\n\t\t\t\tDocumentation and video &#8211; SENIORS&#8217; HOUSING RIGHTS &#8211; RPA\t\t\t<\/a>\n\t\t<\/h3>\n\t\t\t\t<div class=\"elementor-post__excerpt\">\n\t\t\t<p>Hello everyone, As agreed during the conference &#8220;Seniors&#8217; housing rights &#8211; RPA, presented by Attorney H\u00e9l\u00e8ne Guay, we invite you to consult the documentation by clicking on the link below:<\/p>\n\t\t<\/div>\n\t\t\n\t\t<a class=\"elementor-post__read-more\" href=\"https:\/\/www.anrfmontreal.ca\/en\/documentation-and-video-hema-quebec-copy\/\" aria-label=\"Read more about Documentation and video &#8211; SENIORS&#8217; HOUSING RIGHTS &#8211; RPA\" tabindex=\"-1\" >\n\t\t\tRead more\t\t<\/a>\n\n\t\t\t\t<\/div>\n\t\t\t\t<div class=\"elementor-post__meta-data\">\n\t\t\t\t\t<span class=\"elementor-post-date\">\n\t\t\t10 March 2026\t\t<\/span>\n\t\t\t\t<span class=\"elementor-post-avatar\">\n\t\t\tNo Comments\t\t<\/span>\n\t\t\t\t<\/div>\n\t\t\t\t\t<\/div>\n\t\t<\/article>\n\t\t\t\t<article class=\"elementor-post elementor-grid-item post-11812 post type-post status-publish format-standard hentry category-news\" role=\"listitem\">\n\t\t\t<div class=\"elementor-post__card\">\n\t\t\t\t<div class=\"elementor-post__text\">\n\t\t\t\t<h3 class=\"elementor-post__title\">\n\t\t\t<a href=\"https:\/\/www.anrfmontreal.ca\/en\/statistics-canada-is-hiring-across-canada-join-the-2026-census-team\/\" >\n\t\t\t\tSTATISTICS CANADA IS HIRING ACROSS CANADA &#8211; JOIN THE 2026 CENSUS TEAM!\t\t\t<\/a>\n\t\t<\/h3>\n\t\t\t\t<div class=\"elementor-post__excerpt\">\n\t\t\t<p>The Census of Population helps paint a statistical portrait of Canada&#8217;s diverse population and the places where we live by collecting demographic, social and economic information from households across Canada.<\/p>\n\t\t<\/div>\n\t\t\n\t\t<a class=\"elementor-post__read-more\" href=\"https:\/\/www.anrfmontreal.ca\/en\/statistics-canada-is-hiring-across-canada-join-the-2026-census-team\/\" aria-label=\"Read more about STATISTICS CANADA IS HIRING ACROSS CANADA &#8211; JOIN THE 2026 CENSUS TEAM!\" tabindex=\"-1\" >\n\t\t\tRead more\t\t<\/a>\n\n\t\t\t\t<\/div>\n\t\t\t\t<div class=\"elementor-post__meta-data\">\n\t\t\t\t\t<span class=\"elementor-post-date\">\n\t\t\t20 January 2026\t\t<\/span>\n\t\t\t\t<span class=\"elementor-post-avatar\">\n\t\t\tNo Comments\t\t<\/span>\n\t\t\t\t<\/div>\n\t\t\t\t\t<\/div>\n\t\t<\/article>\n\t\t\t\t<\/div>\n\t\t\n\t\t\t\t<div class=\"e-load-more-anchor\" data-page=\"1\" data-max-page=\"18\" data-next-page=\"https:\/\/www.anrfmontreal.ca\/en\/wp-json\/wp\/v2\/pages\/9316\/page\/2\/\"><\/div>\n\t\t\t\t<nav class=\"elementor-pagination\" aria-label=\"Pagination\">\n\t\t\t<span class=\"page-numbers prev\">&laquo; Previous<\/span>\n<a class=\"page-numbers next\" href=\"https:\/\/www.anrfmontreal.ca\/en\/wp-json\/wp\/v2\/pages\/9316\/page\/2\/\">Next&raquo;<\/a>\t\t<\/nav>\n\t\t\t\t\t\t<\/div>\n\t\t\t\t<\/div>\n\t\t\t\t\t<\/div>\n\t\t<\/div>\n\t\t\t\t\t<\/div>\n\t\t<\/section>\n\t\t\t\t<\/div>\n\t\t","protected":false},"excerpt":{"rendered":"","protected":false},"author":1,"featured_media":0,"parent":0,"menu_order":-9999,"comment_status":"closed","ping_status":"closed","template":"elementor_header_footer","meta":{"footnotes":""},"class_list":["post-9316","page","type-page","status-publish","hentry"],"_links":{"self":[{"href":"https:\/\/www.anrfmontreal.ca\/en\/wp-json\/wp\/v2\/pages\/9316"}],"collection":[{"href":"https:\/\/www.anrfmontreal.ca\/en\/wp-json\/wp\/v2\/pages"}],"about":[{"href":"https:\/\/www.anrfmontreal.ca\/en\/wp-json\/wp\/v2\/types\/page"}],"author":[{"embeddable":true,"href":"https:\/\/www.anrfmontreal.ca\/en\/wp-json\/wp\/v2\/users\/1"}],"replies":[{"embeddable":true,"href":"https:\/\/www.anrfmontreal.ca\/en\/wp-json\/wp\/v2\/comments?post=9316"}],"version-history":[{"count":4,"href":"https:\/\/www.anrfmontreal.ca\/en\/wp-json\/wp\/v2\/pages\/9316\/revisions"}],"predecessor-version":[{"id":9320,"href":"https:\/\/www.anrfmontreal.ca\/en\/wp-json\/wp\/v2\/pages\/9316\/revisions\/9320"}],"wp:attachment":[{"href":"https:\/\/www.anrfmontreal.ca\/en\/wp-json\/wp\/v2\/media?parent=9316"}],"curies":[{"name":"wp","href":"https:\/\/api.w.org\/{rel}","templated":true}]}}