{"id":9740,"date":"2025-04-23T00:19:11","date_gmt":"2025-04-23T04:19:11","guid":{"rendered":"https:\/\/www.anrfmontreal.ca\/accueil-en\/"},"modified":"2026-03-18T16:06:11","modified_gmt":"2026-03-18T20:06:11","slug":"accueil-en","status":"publish","type":"page","link":"https:\/\/www.anrfmontreal.ca\/en\/","title":{"rendered":"Home"},"content":{"rendered":"\t\t<div data-elementor-type=\"wp-page\" data-elementor-id=\"9740\" class=\"elementor elementor-9740 elementor-9447\" data-elementor-post-type=\"page\">\n\t\t\t\t\t\t<section class=\"elementor-section elementor-top-section elementor-element elementor-element-7801a47 elementor-section-full_width elementor-section-height-default elementor-section-height-default\" data-id=\"7801a47\" data-element_type=\"section\" data-e-type=\"section\">\n\t\t\t\t\t\t<div class=\"elementor-container elementor-column-gap-default\">\n\t\t\t\t\t<div class=\"elementor-column elementor-col-100 elementor-top-column elementor-element elementor-element-a0eee99\" data-id=\"a0eee99\" data-element_type=\"column\" data-e-type=\"column\" data-settings=\"{&quot;background_background&quot;:&quot;classic&quot;}\">\n\t\t\t<div class=\"elementor-widget-wrap elementor-element-populated\">\n\t\t\t\t\t\t<div class=\"elementor-element elementor-element-bd67ac8 elementor-widget elementor-widget-text-editor\" data-id=\"bd67ac8\" data-element_type=\"widget\" data-e-type=\"widget\" data-widget_type=\"text-editor.default\">\n\t\t\t\t<div class=\"elementor-widget-container\">\n\t\t\t\t\t\t\t\t\t<h2 style=\"text-align: center;\"><span style=\"color: #993366;\"><span class=\"Y2IQFc\" lang=\"en\">National Association of Federal Retirees<\/span><\/span><\/h2>\n<p style=\"text-align: center;\"><strong>The largest Canadian advocacy organization for active and retired federal public servants. We support retirees by providing services to improve their financial security, well-being, and healt.<\/strong><\/p>\n<p><br><\/p>\t\t\t\t\t\t\t\t<\/div>\n\t\t\t\t<\/div>\n\t\t\t\t<section class=\"elementor-section elementor-inner-section elementor-element elementor-element-2a8e6bb elementor-section-full_width elementor-section-height-default elementor-section-height-default\" data-id=\"2a8e6bb\" data-element_type=\"section\" data-e-type=\"section\">\n\t\t\t\t\t\t<div class=\"elementor-container elementor-column-gap-default\">\n\t\t\t\t\t<div class=\"elementor-column elementor-col-100 elementor-inner-column elementor-element elementor-element-7c5feab\" data-id=\"7c5feab\" data-element_type=\"column\" data-e-type=\"column\">\n\t\t\t<div class=\"elementor-widget-wrap elementor-element-populated\">\n\t\t\t\t\t\t<div class=\"elementor-element elementor-element-900bce8 elementor-widget__width-inherit elementor-widget elementor-widget-shortcode\" data-id=\"900bce8\" data-element_type=\"widget\" data-e-type=\"widget\" data-widget_type=\"shortcode.default\">\n\t\t\t\t<div class=\"elementor-widget-container\">\n\t\t\t\t\t\t\t<div class=\"elementor-shortcode\"><!=========Events list Template 2.6.2=========><div id=\"ect-events-list-content\"><div id=\"list-wrp\" class=\"ect-list-wrapper all\"><div id=\"event-12243\" class=\"ect-list-post style-1 ect-simple-event future\"><div class=\"ect-list-post-left \">\n\t\t\t\t<div class=\"ect-list-img\" style=\"background-image:url(&#039;https:\/\/www.anrfmontreal.ca\/wp-content\/plugins\/template-events-calendar\/assets\/images\/event-template-bg.png&#039;);background-size:cover;\"><a href=\"https:\/\/www.anrfmontreal.ca\/en\/events\/60th-anniversary-event-visit-to-the-armand-frappier-health-museum\/\" alt=\"\ud83c\udf8960TH ANNIVERSARY EVENT &#8211; VISIT TO THE ARMAND-FRAPPIER HEALTH MUSEUM\" rel=\"bookmark\"><div class=\"ect-list-date\"><div class=\"ect-date-area default-schedule\"><span class=\"ev-day\">21<\/span>\n\t\t\t\t\t<span class=\"ev-mo\">May<\/span>\n\t\t\t\t\t<span class=\"ev-yr\">2026<\/span><\/div><\/div><\/a><\/div><\/div><!-- left-post close --><div class=\"ect-list-post-right\">\n\t\t\t\t<div class=\"ect-list-post-right-table\"><div class=\"ect-list-description\" style=\"width:100%;\"><h2 class=\"ect-list-title\"><a class=\"ect-event-url\" href=\"https:\/\/www.anrfmontreal.ca\/en\/events\/60th-anniversary-event-visit-to-the-armand-frappier-health-museum\/\" rel=\"bookmark\">\ud83c\udf8960TH ANNIVERSARY EVENT &#8211; VISIT TO THE ARMAND-FRAPPIER HEALTH MUSEUM<\/a><\/h2><!-- Event Content --><div class=\"ect-event-content\"><p>\ud83d\udccc Visit to the Armand-Frappier Health Museum\ud83c\udf89 Free Event \ud83d\uddd3 Date: May 21, 2026\ud83d\udd50 Time: 1:00 p.m. to 5:00 p.m. \ud83d\udc65 Registration required\ud83d\udc49 \ud83d\udc49 Click here to register<\/p>\n<\/div><a href=\"https:\/\/www.anrfmontreal.ca\/en\/events\/60th-anniversary-event-visit-to-the-armand-frappier-health-museum\/\" class=\"ect-events-read-more\" rel=\"bookmark\">Find out more<\/a><\/div><\/div><\/div><!-- right-wrapper close --><\/div><!-- event-loop-end --><div id=\"event-12246\" class=\"ect-list-post style-1 ect-simple-event future\"><div class=\"ect-list-post-left \">\n\t\t\t\t<div class=\"ect-list-img\" style=\"background-image:url(&#039;https:\/\/www.anrfmontreal.ca\/wp-content\/plugins\/template-events-calendar\/assets\/images\/event-template-bg.png&#039;);background-size:cover;\"><a href=\"https:\/\/www.anrfmontreal.ca\/en\/events\/evenement-60e-anniversaire-surf-oasis-quartier-dix30\/\" alt=\"\ud83c\udf89 60th Anniversary Event:  SURF OASIS &#8211; QUARTIER DIX30\" rel=\"bookmark\"><div class=\"ect-list-date\"><div class=\"ect-date-area default-schedule\"><span class=\"ev-day\">04<\/span>\n\t\t\t\t\t<span class=\"ev-mo\">June<\/span>\n\t\t\t\t\t<span class=\"ev-yr\">2026<\/span><\/div><\/div><\/a><\/div><\/div><!-- left-post close --><div class=\"ect-list-post-right\">\n\t\t\t\t<div class=\"ect-list-post-right-table\"><div class=\"ect-list-description\" style=\"width:100%;\"><h2 class=\"ect-list-title\"><a class=\"ect-event-url\" href=\"https:\/\/www.anrfmontreal.ca\/en\/events\/evenement-60e-anniversaire-surf-oasis-quartier-dix30\/\" rel=\"bookmark\">\ud83c\udf89 60th Anniversary Event:  SURF OASIS &#8211; QUARTIER DIX30<\/a><\/h2><!-- Event Content --><div class=\"ect-event-content\"><p>Thursday, 4 June 2026 \u2013 Brossard \u2013 1400 to 1800 hrs Surf Oasis \u2013 Quartier Dix30 \ud83c\udf9f\ufe0fFree event Time for fun and relaxation! This event promises a festive and relaxed [&hellip;]<\/p>\n<\/div><a href=\"https:\/\/www.anrfmontreal.ca\/en\/events\/evenement-60e-anniversaire-surf-oasis-quartier-dix30\/\" class=\"ect-events-read-more\" rel=\"bookmark\">Find out more<\/a><\/div><\/div><\/div><!-- right-wrapper close --><\/div><!-- event-loop-end --><\/div><\/div><\/div>\n\t\t\t\t\t\t<\/div>\n\t\t\t\t<\/div>\n\t\t\t\t\t<\/div>\n\t\t<\/div>\n\t\t\t\t\t<\/div>\n\t\t<\/section>\n\t\t\t\t\t<\/div>\n\t\t<\/div>\n\t\t\t\t\t<\/div>\n\t\t<\/section>\n\t\t\t\t<section class=\"elementor-section elementor-top-section elementor-element elementor-element-b2e819d elementor-section-full_width elementor-section-height-default elementor-section-height-default\" data-id=\"b2e819d\" data-element_type=\"section\" data-e-type=\"section\" data-settings=\"{&quot;background_background&quot;:&quot;classic&quot;}\">\n\t\t\t\t\t\t<div class=\"elementor-container elementor-column-gap-default\">\n\t\t\t\t\t<div class=\"elementor-column elementor-col-33 elementor-top-column elementor-element elementor-element-8e1a1c6\" data-id=\"8e1a1c6\" data-element_type=\"column\" data-e-type=\"column\">\n\t\t\t<div class=\"elementor-widget-wrap elementor-element-populated\">\n\t\t\t\t\t\t<div class=\"elementor-element elementor-element-e91630b elementor-view-default elementor-position-block-start elementor-mobile-position-block-start elementor-widget elementor-widget-icon-box\" data-id=\"e91630b\" data-element_type=\"widget\" data-e-type=\"widget\" data-widget_type=\"icon-box.default\">\n\t\t\t\t<div class=\"elementor-widget-container\">\n\t\t\t\t\t\t\t<div class=\"elementor-icon-box-wrapper\">\n\n\t\t\t\t\t\t<div class=\"elementor-icon-box-icon\">\n\t\t\t\t<a href=\"https:\/\/www.anrfmontreal.ca\/en\/branch-newsletter\/\" class=\"elementor-icon\" tabindex=\"-1\" aria-label=\"Branch Reports and Newsletters\">\n\t\t\t\t<i aria-hidden=\"true\" class=\"far fa-edit\"><\/i>\t\t\t\t<\/a>\n\t\t\t<\/div>\n\t\t\t\n\t\t\t\t\t\t<div class=\"elementor-icon-box-content\">\n\n\t\t\t\t\t\t\t\t\t<h3 class=\"elementor-icon-box-title\">\n\t\t\t\t\t\t<a href=\"https:\/\/www.anrfmontreal.ca\/en\/branch-newsletter\/\" >\n\t\t\t\t\t\t\tBranch Reports and Newsletters\t\t\t\t\t\t<\/a>\n\t\t\t\t\t<\/h3>\n\t\t\t\t\n\t\t\t\t\n\t\t\t<\/div>\n\t\t\t\n\t\t<\/div>\n\t\t\t\t\t\t<\/div>\n\t\t\t\t<\/div>\n\t\t\t\t\t<\/div>\n\t\t<\/div>\n\t\t\t\t<div class=\"elementor-column elementor-col-33 elementor-top-column elementor-element elementor-element-861b840\" data-id=\"861b840\" data-element_type=\"column\" data-e-type=\"column\">\n\t\t\t<div class=\"elementor-widget-wrap elementor-element-populated\">\n\t\t\t\t\t\t<div class=\"elementor-element elementor-element-7b80144 elementor-view-default elementor-position-block-start elementor-mobile-position-block-start elementor-widget elementor-widget-icon-box\" data-id=\"7b80144\" data-element_type=\"widget\" data-e-type=\"widget\" data-widget_type=\"icon-box.default\">\n\t\t\t\t<div class=\"elementor-widget-container\">\n\t\t\t\t\t\t\t<div class=\"elementor-icon-box-wrapper\">\n\n\t\t\t\t\t\t<div class=\"elementor-icon-box-icon\">\n\t\t\t\t<a href=\"https:\/\/www.anrfmontreal.ca\/en\/benefits-program\/\" class=\"elementor-icon\" tabindex=\"-1\" aria-label=\"Preferred partners\">\n\t\t\t\t<i aria-hidden=\"true\" class=\"far fa-question-circle\"><\/i>\t\t\t\t<\/a>\n\t\t\t<\/div>\n\t\t\t\n\t\t\t\t\t\t<div class=\"elementor-icon-box-content\">\n\n\t\t\t\t\t\t\t\t\t<h3 class=\"elementor-icon-box-title\">\n\t\t\t\t\t\t<a href=\"https:\/\/www.anrfmontreal.ca\/en\/benefits-program\/\" >\n\t\t\t\t\t\t\tPreferred partners\t\t\t\t\t\t<\/a>\n\t\t\t\t\t<\/h3>\n\t\t\t\t\n\t\t\t\t\n\t\t\t<\/div>\n\t\t\t\n\t\t<\/div>\n\t\t\t\t\t\t<\/div>\n\t\t\t\t<\/div>\n\t\t\t\t\t<\/div>\n\t\t<\/div>\n\t\t\t\t<div class=\"elementor-column elementor-col-33 elementor-top-column elementor-element elementor-element-ffd80c2\" data-id=\"ffd80c2\" data-element_type=\"column\" data-e-type=\"column\">\n\t\t\t<div class=\"elementor-widget-wrap elementor-element-populated\">\n\t\t\t\t\t\t<div class=\"elementor-element elementor-element-b89a20e elementor-view-default elementor-position-block-start elementor-mobile-position-block-start elementor-widget elementor-widget-icon-box\" data-id=\"b89a20e\" data-element_type=\"widget\" data-e-type=\"widget\" data-widget_type=\"icon-box.default\">\n\t\t\t\t<div class=\"elementor-widget-container\">\n\t\t\t\t\t\t\t<div class=\"elementor-icon-box-wrapper\">\n\n\t\t\t\t\t\t<div class=\"elementor-icon-box-icon\">\n\t\t\t\t<a href=\"https:\/\/www.anrfmontreal.ca\/galerie-de-photos\/\" class=\"elementor-icon\" tabindex=\"-1\" aria-label=\"Photo gallery\">\n\t\t\t\t<i aria-hidden=\"true\" class=\"fas fa-photo-video\"><\/i>\t\t\t\t<\/a>\n\t\t\t<\/div>\n\t\t\t\n\t\t\t\t\t\t<div class=\"elementor-icon-box-content\">\n\n\t\t\t\t\t\t\t\t\t<h3 class=\"elementor-icon-box-title\">\n\t\t\t\t\t\t<a href=\"https:\/\/www.anrfmontreal.ca\/galerie-de-photos\/\" >\n\t\t\t\t\t\t\tPhoto gallery\t\t\t\t\t\t<\/a>\n\t\t\t\t\t<\/h3>\n\t\t\t\t\n\t\t\t\t\n\t\t\t<\/div>\n\t\t\t\n\t\t<\/div>\n\t\t\t\t\t\t<\/div>\n\t\t\t\t<\/div>\n\t\t\t\t\t<\/div>\n\t\t<\/div>\n\t\t\t\t\t<\/div>\n\t\t<\/section>\n\t\t\t\t<section class=\"elementor-section elementor-top-section elementor-element elementor-element-692f3eb elementor-section-full_width elementor-section-height-default elementor-section-height-default\" data-id=\"692f3eb\" data-element_type=\"section\" data-e-type=\"section\" data-settings=\"{&quot;background_background&quot;:&quot;classic&quot;}\">\n\t\t\t\t\t\t<div class=\"elementor-container elementor-column-gap-default\">\n\t\t\t\t\t<div class=\"elementor-column elementor-col-100 elementor-top-column elementor-element elementor-element-9437590\" data-id=\"9437590\" data-element_type=\"column\" data-e-type=\"column\">\n\t\t\t<div class=\"elementor-widget-wrap elementor-element-populated\">\n\t\t\t\t\t\t<div class=\"elementor-element elementor-element-2c4e69a elementor-posts--thumbnail-none elementor-grid-3 elementor-grid-tablet-2 elementor-grid-mobile-1 elementor-card-shadow-yes elementor-posts__hover-gradient elementor-widget elementor-widget-posts\" data-id=\"2c4e69a\" data-element_type=\"widget\" data-e-type=\"widget\" data-settings=\"{&quot;pagination_type&quot;:&quot;prev_next&quot;,&quot;cards_columns&quot;:&quot;3&quot;,&quot;cards_columns_tablet&quot;:&quot;2&quot;,&quot;cards_columns_mobile&quot;:&quot;1&quot;,&quot;cards_row_gap&quot;:{&quot;unit&quot;:&quot;px&quot;,&quot;size&quot;:35,&quot;sizes&quot;:[]},&quot;cards_row_gap_tablet&quot;:{&quot;unit&quot;:&quot;px&quot;,&quot;size&quot;:&quot;&quot;,&quot;sizes&quot;:[]},&quot;cards_row_gap_mobile&quot;:{&quot;unit&quot;:&quot;px&quot;,&quot;size&quot;:&quot;&quot;,&quot;sizes&quot;:[]}}\" data-widget_type=\"posts.cards\">\n\t\t\t\t<div class=\"elementor-widget-container\">\n\t\t\t\t\t\t\t<div class=\"elementor-posts-container elementor-posts elementor-posts--skin-cards elementor-grid\" role=\"list\">\n\t\t\t\t<article class=\"elementor-post elementor-grid-item post-12236 post type-post status-publish format-standard hentry category-news\" role=\"listitem\">\n\t\t\t<div class=\"elementor-post__card\">\n\t\t\t\t<div class=\"elementor-post__text\">\n\t\t\t\t<h3 class=\"elementor-post__title\">\n\t\t\t<a href=\"https:\/\/www.anrfmontreal.ca\/en\/aine-avise-ressources-following-conference-telephone-romance-and-family-fraud-in-french-copy\/\" >\n\t\t\t\tAINE-AVIS\u00c9: RESOURCES FOLLOWING THE INFORMATION SESSION \u2013 Telephone, Romance and Family Fraud (in French)\t\t\t<\/a>\n\t\t<\/h3>\n\t\t\t\t<div class=\"elementor-post__excerpt\">\n\t\t\t<p>\ud83c\udfa4 Conf\u00e9rence \u2013 Telephone, Romance and Family Fraud This presentation, offered through the A\u00een\u00e9-Avis\u00e9 program, aims to help seniors recognize the signs of fraud, understand the tactics used, and learn<\/p>\n\t\t<\/div>\n\t\t\n\t\t<a class=\"elementor-post__read-more\" href=\"https:\/\/www.anrfmontreal.ca\/en\/aine-avise-ressources-following-conference-telephone-romance-and-family-fraud-in-french-copy\/\" aria-label=\"Read more about AINE-AVIS\u00c9: RESOURCES FOLLOWING THE INFORMATION SESSION \u2013 Telephone, Romance and Family Fraud (in French)\" tabindex=\"-1\" >\n\t\t\tRead more \u00bb\t\t<\/a>\n\n\t\t\t\t<\/div>\n\t\t\t\t<div class=\"elementor-post__meta-data\">\n\t\t\t\t\t<span class=\"elementor-post-date\">\n\t\t\t13 April 2026\t\t<\/span>\n\t\t\t\t<span class=\"elementor-post-avatar\">\n\t\t\tNo Comments\t\t<\/span>\n\t\t\t\t<\/div>\n\t\t\t\t\t<\/div>\n\t\t<\/article>\n\t\t\t\t<article class=\"elementor-post elementor-grid-item post-12212 post type-post status-publish format-standard hentry category-news\" role=\"listitem\">\n\t\t\t<div class=\"elementor-post__card\">\n\t\t\t\t<div class=\"elementor-post__text\">\n\t\t\t\t<h3 class=\"elementor-post__title\">\n\t\t\t<a href=\"https:\/\/www.anrfmontreal.ca\/en\/revenue-quebec-documentation-senior-citizens-and-taxation\/\" >\n\t\t\t\tREVENUE QU\u00c9BEC DOCUMENTATION: SENIOR CITIZENS AND TAXATION\t\t\t<\/a>\n\t\t<\/h3>\n\t\t\t\t<div class=\"elementor-post__excerpt\">\n\t\t\t<p>\ud83d\udce3 Conference of March 31, 2026 \u2013 Senior Citizens and Taxation Many of you attended the conference given by Revenue Quebec. We are pleased to share with you all the<\/p>\n\t\t<\/div>\n\t\t\n\t\t<a class=\"elementor-post__read-more\" href=\"https:\/\/www.anrfmontreal.ca\/en\/revenue-quebec-documentation-senior-citizens-and-taxation\/\" aria-label=\"Read more about REVENUE QU\u00c9BEC DOCUMENTATION: SENIOR CITIZENS AND TAXATION\" tabindex=\"-1\" >\n\t\t\tRead more \u00bb\t\t<\/a>\n\n\t\t\t\t<\/div>\n\t\t\t\t<div class=\"elementor-post__meta-data\">\n\t\t\t\t\t<span class=\"elementor-post-date\">\n\t\t\t31 March 2026\t\t<\/span>\n\t\t\t\t<span class=\"elementor-post-avatar\">\n\t\t\tNo Comments\t\t<\/span>\n\t\t\t\t<\/div>\n\t\t\t\t\t<\/div>\n\t\t<\/article>\n\t\t\t\t<article class=\"elementor-post elementor-grid-item post-12004 post type-post status-publish format-standard hentry category-news\" role=\"listitem\">\n\t\t\t<div class=\"elementor-post__card\">\n\t\t\t\t<div class=\"elementor-post__text\">\n\t\t\t\t<h3 class=\"elementor-post__title\">\n\t\t\t<a href=\"https:\/\/www.anrfmontreal.ca\/en\/documentation-and-video-hema-quebec-copy\/\" >\n\t\t\t\tDocumentation and video &#8211; SENIORS&#8217; HOUSING RIGHTS &#8211; RPA\t\t\t<\/a>\n\t\t<\/h3>\n\t\t\t\t<div class=\"elementor-post__excerpt\">\n\t\t\t<p>Hello everyone, As agreed during the conference &#8220;Seniors&#8217; housing rights &#8211; RPA, presented by Attorney H\u00e9l\u00e8ne Guay, we invite you to consult the documentation by clicking on the link below:<\/p>\n\t\t<\/div>\n\t\t\n\t\t<a class=\"elementor-post__read-more\" href=\"https:\/\/www.anrfmontreal.ca\/en\/documentation-and-video-hema-quebec-copy\/\" aria-label=\"Read more about Documentation and video &#8211; SENIORS&#8217; HOUSING RIGHTS &#8211; RPA\" tabindex=\"-1\" >\n\t\t\tRead more \u00bb\t\t<\/a>\n\n\t\t\t\t<\/div>\n\t\t\t\t<div class=\"elementor-post__meta-data\">\n\t\t\t\t\t<span class=\"elementor-post-date\">\n\t\t\t10 March 2026\t\t<\/span>\n\t\t\t\t<span class=\"elementor-post-avatar\">\n\t\t\tNo Comments\t\t<\/span>\n\t\t\t\t<\/div>\n\t\t\t\t\t<\/div>\n\t\t<\/article>\n\t\t\t\t<\/div>\n\t\t\n\t\t\t\t<div class=\"e-load-more-anchor\" data-page=\"1\" data-max-page=\"19\" data-next-page=\"https:\/\/www.anrfmontreal.ca\/en\/wp-json\/wp\/v2\/pages\/9740\/page\/2\/\"><\/div>\n\t\t\t\t<nav class=\"elementor-pagination\" aria-label=\"Pagination\">\n\t\t\t<span class=\"page-numbers prev\">&laquo; Previous<\/span>\n<a class=\"page-numbers next\" href=\"https:\/\/www.anrfmontreal.ca\/en\/wp-json\/wp\/v2\/pages\/9740\/page\/2\/\">Next &raquo;<\/a>\t\t<\/nav>\n\t\t\t\t\t\t<\/div>\n\t\t\t\t<\/div>\n\t\t\t\t\t<\/div>\n\t\t<\/div>\n\t\t\t\t\t<\/div>\n\t\t<\/section>\n\t\t\t\t<\/div>\n\t\t","protected":false},"excerpt":{"rendered":"<p>National Association of Federal Retirees The largest Canadian advocacy organization for active and retired federal public servants. We support retirees by providing services to improve their financial security, well-being, and [&hellip;]<\/p>\n","protected":false},"author":1,"featured_media":0,"parent":0,"menu_order":-9999,"comment_status":"closed","ping_status":"closed","template":"elementor_header_footer","meta":{"footnotes":""},"class_list":["post-9740","page","type-page","status-publish","hentry"],"_links":{"self":[{"href":"https:\/\/www.anrfmontreal.ca\/en\/wp-json\/wp\/v2\/pages\/9740"}],"collection":[{"href":"https:\/\/www.anrfmontreal.ca\/en\/wp-json\/wp\/v2\/pages"}],"about":[{"href":"https:\/\/www.anrfmontreal.ca\/en\/wp-json\/wp\/v2\/types\/page"}],"author":[{"embeddable":true,"href":"https:\/\/www.anrfmontreal.ca\/en\/wp-json\/wp\/v2\/users\/1"}],"replies":[{"embeddable":true,"href":"https:\/\/www.anrfmontreal.ca\/en\/wp-json\/wp\/v2\/comments?post=9740"}],"version-history":[{"count":57,"href":"https:\/\/www.anrfmontreal.ca\/en\/wp-json\/wp\/v2\/pages\/9740\/revisions"}],"predecessor-version":[{"id":12149,"href":"https:\/\/www.anrfmontreal.ca\/en\/wp-json\/wp\/v2\/pages\/9740\/revisions\/12149"}],"wp:attachment":[{"href":"https:\/\/www.anrfmontreal.ca\/en\/wp-json\/wp\/v2\/media?parent=9740"}],"curies":[{"name":"wp","href":"https:\/\/api.w.org\/{rel}","templated":true}]}}